{"id":84,"date":"2014-11-06T02:36:17","date_gmt":"2014-11-06T02:36:17","guid":{"rendered":"http:\/\/www2.comunitaria.com.br\/?page_id=84"},"modified":"2025-04-11T16:50:10","modified_gmt":"2025-04-11T18:50:10","slug":"historico","status":"publish","type":"page","link":"https:\/\/www2.comunitaria.com.br\/en\/historico\/","title":{"rendered":"Hist\u00f3rico"},"content":{"rendered":"<p style=\"text-align: justify;\">Na \u00e2nsia da constru\u00e7\u00e3o de um meio alternativo de comunica\u00e7\u00e3o no munic\u00edpio de Frederico Westphalen, um representativo grupo de pessoas da comunidade idealizou e articulou, durante muito tempo, a viabilidade e a possibilidade de cria\u00e7\u00e3o de uma r\u00e1dio comunit\u00e1ria. Este projeto, de longa data, come\u00e7ou a ser concretizado em 22 de mar\u00e7o de 2003 com a funda\u00e7\u00e3o da Associa\u00e7\u00e3o Frederiquense de Radiodifus\u00e3o Comunit\u00e1ria. Seria uma entidade sem fins lucrativos, que tentaria a implanta\u00e7\u00e3o do t\u00e3o sonhado ve\u00edculo. Foram adquiridos alguns aparelhos que contaram com investimentos particulares dos pr\u00f3prios associados. Estes aparelhos, t\u00edmidos e limitados tecnicamente, puderam p\u00f4r no ar, pela primeira vez, em 15 de maio de 2003, um novo ve\u00edculo de comunica\u00e7\u00e3o no munic\u00edpio. Por for\u00e7a de assembleia geral da associa\u00e7\u00e3o, que na \u00e9poca contava com 84 associados, a emissora recebeu o nome de R\u00e1dio Comunit\u00e1ria e passou a operar na freq\u00fc\u00eancia de 87.9 FM (freq\u00fc\u00eancia que a legisla\u00e7\u00e3o concedia a todas as r\u00e1dios comunit\u00e1rias).<\/p>\n<p style=\"text-align: justify;\">Quatorze pessoas iniciaram seus trabalhos radiof\u00f4nicos na emissora, todas inexperientes e em busca de oferecer uma nova alternativa aos ouvintes. Durante um m\u00eas a r\u00e1dio atuou em car\u00e1ter experimental. Depois, a partir de junho, permanecia no ar das 6 \u00e0s 19 horas. Com o decorrer do tempo, de acordo com a viabilidade do projeto, passou, em 2004, a estar no ar 18 horas por dia, das 6 \u00e0s 24h.<\/p>\n<p style=\"text-align: justify;\">A proposta da r\u00e1dio comunit\u00e1ria, comum a todas as emissoras com estas caracter\u00edsticas, sempre foi socializar a comunica\u00e7\u00e3o e ser um espa\u00e7o aberto de difus\u00e3o de ideias, elementos culturais, tradi\u00e7\u00e3o e h\u00e1bitos sociais da comunidade, al\u00e9m de ser prestadora de servi\u00e7os de utilidade p\u00fablica e divulga\u00e7\u00e3o de informa\u00e7\u00f5es. Os comunicadores, na sua grande maioria, s\u00e3o pessoas ligadas a movimentos comunit\u00e1rios e sociais, sem grande experi\u00eancia na \u00e1rea. A estrat\u00e9gia \u00e9 identificar o locutor e suas peculiaridades \u00e0s caracter\u00edsticas dos ouvintes. E para isso a programa\u00e7\u00e3o \u00e9 muito ecl\u00e9tica, a fim de atender a todo tipo de p\u00fablico.<\/p>\n<p style=\"text-align: justify;\">A R\u00e1dio Comunit\u00e1ria de Frederico Westphalen foi uma das precursoras deste modelo de m\u00eddia na regi\u00e3o do M\u00e9dio Alto Uruguai do Estado, sendo seguida por diversas outras dos munic\u00edpios vizinhos. Durante toda a sua hist\u00f3ria ela sofreu com as repres\u00e1lias dos meios de comunica\u00e7\u00e3o comerciais e tradicionais da regi\u00e3o, tendo em vista que representava, segundo eles, uma amea\u00e7a para a sua audi\u00eancia, o que tenderia a diminuir seus vantajosos lucros.<\/p>\n<p style=\"text-align: justify;\">As r\u00e1dios comunit\u00e1rias, assim como a de Frederico Westphalen, nunca pretenderam competir com as emissoras convencionais. Querem mesmo \u00e9 oferecer \u00e0s comunidades conte\u00fados de cunho cultural, educativo e popular que as outras n\u00e3o t\u00eam se interessado em privilegiar. Em sua din\u00e2mica vem servindo de espa\u00e7o para o aprendizado da cidadania, ao proporcionar mecanismos para participa\u00e7\u00e3o da popula\u00e7\u00e3o nas v\u00e1rias etapas do processo de comunica\u00e7\u00e3o, tais como na gest\u00e3o dos ve\u00edculos e no planejamento e produ\u00e7\u00e3o de programas.<\/p>\n<p style=\"text-align: justify;\">Atualmente, a emissora conta com colaboradores que s\u00e3o profissionais liberais, estudantes, professores.<\/p>\n<p style=\"text-align: justify;\">A emissora iniciou seus trabalhos no Edif\u00edcio Profissional Center, no Centro da cidade, na sala 801, espa\u00e7o reduzido, com apenas dois est\u00fadios e uma sala para recep\u00e7\u00e3o. Em 2006, mudou-se para as salas 803 e 804 do mesmo edif\u00edcio, num espa\u00e7o mais amplo e aconchegante, tanto para os trabalhadores quanto para os visitantes. Agora o espa\u00e7o da r\u00e1dio conta com dois est\u00fadios (um principal para a apresenta\u00e7\u00e3o da programa\u00e7\u00e3o e outro para grava\u00e7\u00e3o e edi\u00e7\u00e3o pr\u00f3pria de programas e das mensagens dos apoiadores culturais) mais amplos e equipados, al\u00e9m das salas de diretoria, reuni\u00f5es, jornalismo e recep\u00e7\u00e3o.<\/p>\n<p style=\"text-align: justify;\">O alcance da emissora abrange o munic\u00edpio de Frederico Westphalen, num total de 30 mil pessoas aproximadamente. Alguns locais de outros munic\u00edpios sintonizam a r\u00e1dio, mas esta n\u00e3o \u00e9 a t\u00f4nica comum. Em 2005 o prefixo de freq\u00fc\u00eancia da emissora mudou para 97.9, em virtude da dificuldade de as r\u00e1dios comunit\u00e1rias da regi\u00e3o operarem com o mesmo prefixo. Em 2015, a frequ\u00eancia voltou a operar em 87.9. A partir de 2006 a r\u00e1dio disponibilizou sua programa\u00e7\u00e3o ao vivo para a Internet, o que elevou ainda mais o conceito da qualidade e do profissionalismo que a emissora vem conquistando junto \u00e0 comunidade. Para ouvir a r\u00e1dio pela Internet \u00e9 s\u00f3 acessar o site <a href=\"http:\/\/www.comunitaria.com.br\">www.comunitaria.com.br<\/a>.<\/p>\n<p style=\"text-align: justify;\">A emissora se mant\u00e9m no ar com a colabora\u00e7\u00e3o das mensalidades dos associados e dos apoios culturais das empresas do munic\u00edpio. A programa\u00e7\u00e3o \u201ccomercial\u201d d\u00e1 destaque \u00e0s pequenas empresas locais. Barateando em muito os custos da vincula\u00e7\u00e3o dos apoios culturais, a r\u00e1dio possibilita o marketing de pequenos estabelecimentos de com\u00e9rcio e servi\u00e7os. No entanto, ao lado dos pequenos apoiadores que encontram na emissora uma oportunidade de verem seu servi\u00e7o vinculado na m\u00eddia, a r\u00e1dio conta com o apoio de empresas de n\u00edvel e atua\u00e7\u00e3o nacional, n\u00e3o diferenciando ou discriminando nenhuma, independentemente de seu percentual de apoio ou import\u00e2ncia social.<\/p>\n<p style=\"text-align: justify;\">A R\u00e1dio Comunit\u00e1ria t\u00eam uma hist\u00f3ria que se destaca por sua extrema proximidade com a comunidade em que est\u00e1 inserida. Desde a funda\u00e7\u00e3o, sua maior preocupa\u00e7\u00e3o sempre foi valorizar todos os eventos e iniciativas que envolvem a comunidade do munic\u00edpio, independentemente da amplitude do acontecimento. Esta valoriza\u00e7\u00e3o deu \u00e0 r\u00e1dio import\u00e2ncia, credibilidade e transpar\u00eancia junto ao povo. A maior preocupa\u00e7\u00e3o \u00e9 dar \u00eanfase aos aspectos sociais e informativos do evento em quest\u00e3o. E para isso a emissora conta com uma equipe externa que se reveza nas responsabilidades, trabalhos que, muitas vezes, s\u00e3o volunt\u00e1rios e sem remunera\u00e7\u00e3o.<\/p>\n<p style=\"text-align: justify;\">A emissora evidencia uma preocupa\u00e7\u00e3o constante com a qualidade t\u00e9cnica e humana das transmiss\u00f5es externas e das coberturas de eventos, bem como das campanhas idealizadas por ela. Como a r\u00e1dio n\u00e3o possui unidade m\u00f3vel de transmiss\u00e3o, inicialmente a cobertura de eventos era feita por telefone ou atrav\u00e9s da montagem de um link. A montagem e o transporte eram muito onerosos e dificultavam as transmiss\u00f5es. Desde 2005, as transmiss\u00f5es, quando acontecem na \u00e1rea urbana, s\u00e3o feitas atrav\u00e9s de uma Linha Especial de Transmiss\u00e3o (LTR). As transmiss\u00f5es no interior continuam sendo realizadas por telefone celular, pelo fato de algumas comunidades n\u00e3o terem linhas telef\u00f4nicas fixas. Mesmo assim, isto n\u00e3o \u00e9 empecilho para que a r\u00e1dio realize sua cobertura do evento na comunidade.<\/p>\n<p style=\"text-align: justify;\">Nestes anos, registram-se transmiss\u00f5es e coberturas memor\u00e1veis, tanto pela qualidade e organiza\u00e7\u00e3o quanto pelo tempo de cobertura. A programa\u00e7\u00e3o din\u00e2mica e male\u00e1vel facilita a abertura de espa\u00e7os para atividades da comunidade e em hor\u00e1rios diferenciados. Nesta hist\u00f3ria de coberturas, podem-se destacar as transmiss\u00f5es dos desfiles de 7 de setembro (inclusive com concursos culturais nas escolas), festas e desfiles do Carnaval e do anivers\u00e1rio do munic\u00edpio, sorteios e programa\u00e7\u00f5es das empresas no Sabad\u00e3o dos Neg\u00f3cios e vestibulares das universidades locais. Vale ressaltar, igualmente, a cobertura da emissora nos rodeios crioulos, inclusive com a montagem de est\u00fadio em 2006 num galp\u00e3o na sede campeira do CTG (promotor do evento). A Expofred tamb\u00e9m ganha destaque na programa\u00e7\u00e3o da emissora. Em 2005 a r\u00e1dio inovou levando seu est\u00fadio para o Parque de Exposi\u00e7\u00f5es, onde estava sendo realizada a feira, gerando toda a sua programa\u00e7\u00e3o di\u00e1ria do local do evento, entrevistando populares, expositores, organizadores e artistas. A emissora tamb\u00e9m prioriza as discuss\u00f5es pol\u00edticas e, em 2005, realizou a transmiss\u00e3o de todas as sess\u00f5es da C\u00e2mara de Vereadores do munic\u00edpio, possibilitando \u00e0 comunidade acompanhar seus representantes no Legislativo sem precisar se deslocar ao local das sess\u00f5es.<\/p>\n<p style=\"text-align: justify;\">O esporte local sempre foi muito valorizado pela emissora. No dia 25 de abril de 2004 uma equipe esportiva iniciou suas atividades. A equipe transmite jogos ao vivo deslocando-se at\u00e9 as comunidades sem nenhum \u00f4nus para os clubes, apenas contando com o apoio de empresas do munic\u00edpio que tamb\u00e9m s\u00e3o incentivadoras do esporte. Com nove anos de exist\u00eancia e centenas de transmiss\u00f5es na bagagem, a equipe ainda leva ao ar, nas segundas, quartas e sextas-feiras, das 12:45 \u00e0s 13:15, o programa Toque de Bola. A equipe j\u00e1 transmitiu integralmente edi\u00e7\u00f5es da Copa Uni\u00e3o, Campeonatos Integra\u00e7\u00e3o (inclusive realizando duas festas para a escolha dos Melhores da Competi\u00e7\u00e3o), Campeonatos de Veteranos, &nbsp;Ta\u00e7a RBS (acompanhando as equipes que representavam Frederico Westphalen), Campeonato Regional de Futsal, al\u00e9m de festas esportivas em muitas comunidades do interior e finais do Municipalito de Futsal e do Campeonato entre Bairros. A equipe esportiva da Comunit\u00e1ria conta com a parceria de outros meios de comunica\u00e7\u00e3o, como o jornal O Alto Uruguai, para dar, al\u00e9m de visibilidade para seu trabalho, destaque regional para os desportistas do munic\u00edpio. Em todas as transmiss\u00f5es s\u00e3o escolhidos craques das partidas, que depois ir\u00e3o estampar as p\u00e1ginas esportivas dos jornais.<\/p>\n<p style=\"text-align: justify;\">Destaque para o trabalho na Funda\u00e7\u00e3o do Uni\u00e3o Frederiquense de Futebol em 2010. Clube que a equipe esportiva acompanha em todos os jogos pelo estado, chegando a percorrer mais de 5.000 km por ano.<\/p>\n<p style=\"text-align: justify;\">As parcerias com institui\u00e7\u00f5es representativas locais s\u00e3o uma t\u00f4nica na Comunit\u00e1ria. V\u00e1rias delas possuem programas transmitidos pela emissora, entre as quais institui\u00e7\u00f5es religiosas, pol\u00edticas e de diversos setores civis. Estas parcerias possibilitam a discuss\u00e3o de diversos temas de interesse da comunidade.<\/p>\n<p style=\"text-align: justify;\">A emissora preocupa-se tamb\u00e9m com o jornalismo informativo e debatedor e para isso possui uma equipe de jornalistas respons\u00e1veis pelas not\u00edcias gerais e principalmente da comunidade, dando destaque ainda aos servi\u00e7os de utilidade p\u00fablica.<\/p>\n<p style=\"text-align: justify;\">Dentro da programa\u00e7\u00e3o, comunicamos a todo momento not\u00edcias relevantes ao nosso p\u00fablico-alvo. H\u00e1, tamb\u00e9m, todas as manh\u00e3s, informa\u00e7\u00f5es da Brigada Militar, SAMU e Corpo de Bombeiros, enfatizando as ocorr\u00eancias das \u00faltimas horas, e informa\u00e7\u00f5es das loterias.<\/p>\n<p style=\"text-align: justify;\">O ouvinte tem um espa\u00e7o especial na programa\u00e7\u00e3o. A r\u00e1dio abre espa\u00e7o para a participa\u00e7\u00e3o de ouvintes de forma indireta ou direta pelo telefone. A programa\u00e7\u00e3o musical recebe contribui\u00e7\u00f5es constantes. Em muitos momentos h\u00e1 o sorteio de brindes e promo\u00e7\u00f5es, que conta com uma maci\u00e7a participa\u00e7\u00e3o. Todos os que ligam para a emissora t\u00eam seus nomes divulgados na programa\u00e7\u00e3o, o que d\u00e1 credibilidade aos sorteios dos brindes. As pessoas participam pedindo m\u00fasicas, mandando abra\u00e7os e\/ou homenagens. Em alguns programas, toda a sequ\u00eancia musical \u00e9 escolhida pelos ouvintes, tamanha \u00e9 a alegria da comunidade em poder participar e ser atendida.<\/p>","protected":false},"excerpt":{"rendered":"<p>Na \u00e2nsia da constru\u00e7\u00e3o de um meio alternativo de comunica\u00e7\u00e3o no munic\u00edpio de Frederico Westphalen, um representativo grupo de pessoas da comunidade idealizou e articulou, durante muito tempo, a viabilidade e a possibilidade de cria\u00e7\u00e3o de uma r\u00e1dio comunit\u00e1ria. Este projeto, de longa data, come\u00e7ou a ser concretizado em 22 de mar\u00e7o de 2003 com<\/p>\n<div class=\"read-more-wrapper\"><a class=\"read-more\" href=\"https:\/\/www2.comunitaria.com.br\/en\/historico\/\" title=\"Read More\"> <span class=\"button\">Read More<\/span><\/a><\/div>","protected":false},"author":3,"featured_media":0,"parent":0,"menu_order":0,"comment_status":"open","ping_status":"closed","template":"","meta":{"ngg_post_thumbnail":0,"footnotes":""},"class_list":["post-84","page","type-page","status-publish","hentry"],"amp_enabled":true,"_links":{"self":[{"href":"https:\/\/www2.comunitaria.com.br\/en\/wp-json\/wp\/v2\/pages\/84","targetHints":{"allow":["GET"]}}],"collection":[{"href":"https:\/\/www2.comunitaria.com.br\/en\/wp-json\/wp\/v2\/pages"}],"about":[{"href":"https:\/\/www2.comunitaria.com.br\/en\/wp-json\/wp\/v2\/types\/page"}],"author":[{"embeddable":true,"href":"https:\/\/www2.comunitaria.com.br\/en\/wp-json\/wp\/v2\/users\/3"}],"replies":[{"embeddable":true,"href":"https:\/\/www2.comunitaria.com.br\/en\/wp-json\/wp\/v2\/comments?post=84"}],"version-history":[{"count":0,"href":"https:\/\/www2.comunitaria.com.br\/en\/wp-json\/wp\/v2\/pages\/84\/revisions"}],"wp:attachment":[{"href":"https:\/\/www2.comunitaria.com.br\/en\/wp-json\/wp\/v2\/media?parent=84"}],"curies":[{"name":"wp","href":"https:\/\/api.w.org\/{rel}","templated":true}]}}